{"id":6901,"date":"2025-03-14T18:43:43","date_gmt":"2025-03-14T17:43:43","guid":{"rendered":"https:\/\/hofmannrestaurante.com\/?post_type=product&#038;p=6901"},"modified":"2025-07-24T11:45:19","modified_gmt":"2025-07-24T10:45:19","slug":"experiencia-gastronomica-mediodia-restaurante-hofmann-para-2-personas","status":"publish","type":"product","link":"https:\/\/www.hofmannrestaurante.com\/ca\/product\/experiencia-gastronomica-migdia-restaurant-hofmann-per-a-2-persones","title":{"rendered":"Experi\u00e8ncia Gastron\u00f2mica Migdia Restaurant Hofmann per a 2 Persones"},"content":{"rendered":"<p>Una de les millors experi\u00e8ncies gastron\u00f2miques per a regalar i sorprendre als teus.<\/p>\n<p>La persona o persones afortunades rebran un val regal per correu electr\u00f2nic. Hauran de realitzar la reserva trucant al 932 187 165 i el dia escollit hauran de mostrar el codi del val regal. La reserva estar\u00e0 subjecta a disponibilitat en aquell moment. En qualsevol cas, el val no caduca fins que hagi passat un any des que es va contractar.<\/p>\n<p><strong>Una aposta segura per a un regal original, de m\u00e0xima qualitat i amb la garantia Hofmann.<\/strong><\/p>\n","protected":false},"excerpt":{"rendered":"<p>Una de les millors experi\u00e8ncies gastron\u00f2miques per a regalar i sorprendre als teus. La persona o persones afortunades rebran un val regal [&hellip;]<\/p>\n","protected":false},"featured_media":6863,"comment_status":"closed","ping_status":"closed","template":"","meta":[],"product_brand":[],"product_cat":[49],"product_tag":[],"class_list":{"0":"post-6901","1":"product","2":"type-product","3":"status-publish","4":"has-post-thumbnail","6":"product_cat-regala-hofmann","8":"first","9":"instock","10":"purchasable","11":"product-type-pw-gift-card","12":"has-default-attributes"},"_links":{"self":[{"href":"https:\/\/www.hofmannrestaurante.com\/ca\/wp-json\/wp\/v2\/product\/6901","targetHints":{"allow":["GET"]}}],"collection":[{"href":"https:\/\/www.hofmannrestaurante.com\/ca\/wp-json\/wp\/v2\/product"}],"about":[{"href":"https:\/\/www.hofmannrestaurante.com\/ca\/wp-json\/wp\/v2\/types\/product"}],"replies":[{"embeddable":true,"href":"https:\/\/www.hofmannrestaurante.com\/ca\/wp-json\/wp\/v2\/comments?post=6901"}],"wp:featuredmedia":[{"embeddable":true,"href":"https:\/\/www.hofmannrestaurante.com\/ca\/wp-json\/wp\/v2\/media\/6863"}],"wp:attachment":[{"href":"https:\/\/www.hofmannrestaurante.com\/ca\/wp-json\/wp\/v2\/media?parent=6901"}],"wp:term":[{"taxonomy":"product_brand","embeddable":true,"href":"https:\/\/www.hofmannrestaurante.com\/ca\/wp-json\/wp\/v2\/product_brand?post=6901"},{"taxonomy":"product_cat","embeddable":true,"href":"https:\/\/www.hofmannrestaurante.com\/ca\/wp-json\/wp\/v2\/product_cat?post=6901"},{"taxonomy":"product_tag","embeddable":true,"href":"https:\/\/www.hofmannrestaurante.com\/ca\/wp-json\/wp\/v2\/product_tag?post=6901"}],"curies":[{"name":"wp","href":"https:\/\/api.w.org\/{rel}","templated":true}]}}